{"id":71924,"date":"2021-10-04T00:15:29","date_gmt":"2021-10-04T00:15:29","guid":{"rendered":"https:\/\/vodoprivreda.ba\/?page_id=71924"},"modified":"2021-10-06T06:43:28","modified_gmt":"2021-10-06T06:43:28","slug":"water-supply-drinking-water-treatment-plants-capacity-building-source-protection","status":"publish","type":"page","link":"https:\/\/vodoprivreda.ba\/en\/services\/water-supply-drinking-water-treatment-plants-capacity-building-source-protection\/","title":{"rendered":"Water Supply\/Drinking water treatment plants\/Capacity building\/Source protection"},"content":{"rendered":"<p>[vc_row type=&#8221;container&#8221; padding_top=&#8221;&#8221; padding_bottom=&#8221;&#8221; css=&#8221;.vc_custom_1476889400166{padding-bottom: 20px !important;}&#8221;][vc_column][vc_column_text]The services we provide:<\/p>\n<ul>\n<li>Preliminary and main design documentation preparation for water supply and drinking water treatment plants,<\/li>\n<li>Designing, conducting a tender procedure and consultancy services,<\/li>\n<li>Hydraulic analysis of existing and future state,<\/li>\n<li>Projects for expansion and reconstruction of water supply networks,<\/li>\n<li>Assisting and help for project implementation in tendering and contracting processes,<\/li>\n<li>Supervision over the execution of the works,<\/li>\n<li>Project documentation revision,<\/li>\n<li>Development of project tasks,<\/li>\n<li>Feasibility studies and elaborates preparation,<\/li>\n<li>Consultancy services in order to institutional strengthening od water utilities,<\/li>\n<li>Energy efficiency projects for water intakes,<\/li>\n<li>Water source protection zones elaborates<\/li>\n<\/ul>\n<p>Significant projects:<\/p>\n<ul>\n<li>Preparation of project documentation for construction of water supply system for O\u0161ta Luka municipality (Client: UNDP, BiH),<\/li>\n<li>Water Supply and Sewage in Bosnia and Herzegovina II \u2013 Components Zenica and Tuzla (Client: iC consuleneten ZT GmbH),<\/li>\n<li>Main design for water supply network in Prijeko settlement in Visoko municipality (Client: PUC \u201cVisoko\u201d d.o.o. Visoko),<\/li>\n<li>Design for water supply system objects \u2013 water sources and pumping stations: PS \u201cBa\u010devo\u201d, PS \u201cAlipa\u0161in Most\u201d and PS \u201cCentar\u201d (Client: PUC \u201e Vodovod i kanalizacija\u201c d.o.o. Sarajevo),<\/li>\n<li>Strengthening the Organizational, Operational and Financial Capacities of Water Utilities in Selected Local Governments Group LOT 2, that consists from 9 Water Utilities: Doboj, Gra\u010danica, Grada\u010dac, Kalesija, Prnjavor, Te\u0161anj, Tesli\u0107, Tuzla and \u017dep\u010de (Client: UNDP BiH),<\/li>\n<li>Assessment of Utilities (Institutional, Operational and Financial Capacities and Gaps) in Selected Local Governments, Within the Municipal Environmental and Economic Governance Project (MEG), LOT 1 \u2013 Intervention Cluster North\u2010West (Biha\u0107, Bosanska Krupa, Bu\u017eim, Cazin, Gradi\u0161ka, Klju\u010du, Kostajnica, Kozarska Dubica, Novi Grad, Prijedor, Sanski Most, Velika Kladu\u0161a, Drvar and Bosanski Petrovac municipalities) (Client: UNDP BiH),<\/li>\n<li>Study for water supply of Had\u017ei\u0107i (Client: PUC \u201eKomunalac\u201c Had\u017ei\u0107i),<\/li>\n<li>Provision of services for revision of Main design for construction of pressure pipeline with accompaning facilities on location Vojarna \u2013 Dobro in Livno (Client: Livno municipality),<\/li>\n<li>Main design for drinking water treatment plants for Vrela, Stjepan polje and Ilid\u017ea, Gra\u010danica city (Stakeholder: Gra\u010danica city)<\/li>\n<li>Glavni projekat energetske efikasnosti za vodozahvate Tahirovi\u0107i \u2013rekonstrukcija tri bunara Main project of energy efficient gor water intae Tahirovi\u0107i \u2013 three wells reconstruction (Client: PUC Vodovod Cazin),<\/li>\n<li>Visoko Financial and Operational Improvement Plan (FOPIP): Bosnia &amp; Herzegovina: Visoko Water System Supply Project &#8211; Financial and Operational Performance Improvement and Public Service Contract (Client:EBRD, PUC Visoko),<\/li>\n<li>Elaborate \u2013 Source protection \u2013 Trnovo municipality (Client: Trnovo municipality),<\/li>\n<li>Elaborates for source protection in Vogo\u0161\u0107a municipality location for period 2017-2020 (Client:Vogo\u0161\u0107a municipality)<\/li>\n<\/ul>\n<p>[\/vc_column_text][\/vc_column][\/vc_row]<\/p>\n","protected":false},"excerpt":{"rendered":"<p>[vc_row type=&#8221;container&#8221; padding_top=&#8221;&#8221; padding_bottom=&#8221;&#8221; css=&#8221;.vc_custom_1476889400166{padding-bottom: 20px !important;}&#8221;][vc_column][vc_column_text]The services we provide: Preliminary and main design documentation preparation for water supply and drinking water treatment plants, Designing, conducting a tender procedure and consultancy services, Hydraulic analysis of existing and future state, Projects for expansion and reconstruction of water supply networks, Assisting and help for project implementation in [&hellip;]<\/p>\n","protected":false},"author":1,"featured_media":71947,"parent":71865,"menu_order":0,"comment_status":"closed","ping_status":"closed","template":"","meta":{"_acf_changed":false,"footnotes":""},"class_list":["post-71924","page","type-page","status-publish","has-post-thumbnail","hentry"],"acf":[],"yoast_head":"<!-- This site is optimized with the Yoast SEO plugin v27.2 - https:\/\/yoast.com\/product\/yoast-seo-wordpress\/ -->\n<title>Water Supply\/Drinking water treatment plants\/Capacity building\/Source protection - Zavod za Vodoprivredu d.d. Sarajevo<\/title>\n<meta name=\"robots\" content=\"index, follow, max-snippet:-1, max-image-preview:large, max-video-preview:-1\" \/>\n<link rel=\"canonical\" href=\"https:\/\/vodoprivreda.ba\/services\/water-supply-drinking-water-treatment-plants-capacity-building-source-protection\/\" \/>\n<meta property=\"og:locale\" content=\"en_US\" \/>\n<meta property=\"og:type\" content=\"article\" \/>\n<meta property=\"og:title\" content=\"Water Supply\/Drinking water treatment plants\/Capacity building\/Source protection - Zavod za Vodoprivredu d.d. Sarajevo\" \/>\n<meta property=\"og:description\" content=\"[vc_row type=&#8221;container&#8221; padding_top=&#8221;&#8221; padding_bottom=&#8221;&#8221; css=&#8221;.vc_custom_1476889400166{padding-bottom: 20px !important;}&#8221;][vc_column][vc_column_text]The services we provide: Preliminary and main design documentation preparation for water supply and drinking water treatment plants, Designing, conducting a tender procedure and consultancy services, Hydraulic analysis of existing and future state, Projects for expansion and reconstruction of water supply networks, Assisting and help for project implementation in [&hellip;]\" \/>\n<meta property=\"og:url\" content=\"https:\/\/vodoprivreda.ba\/services\/water-supply-drinking-water-treatment-plants-capacity-building-source-protection\/\" \/>\n<meta property=\"og:site_name\" content=\"Zavod za Vodoprivredu d.d. Sarajevo\" \/>\n<meta property=\"article:modified_time\" content=\"2021-10-06T06:43:28+00:00\" \/>\n<meta property=\"og:image\" content=\"https:\/\/vodoprivreda.ba\/wp-content\/uploads\/2021\/10\/vodosnabdijevanje.jpg\" \/>\n\t<meta property=\"og:image:width\" content=\"1650\" \/>\n\t<meta property=\"og:image:height\" content=\"1100\" \/>\n\t<meta property=\"og:image:type\" content=\"image\/jpeg\" \/>\n<meta name=\"twitter:card\" content=\"summary_large_image\" \/>\n<meta name=\"twitter:label1\" content=\"Est. reading time\" \/>\n\t<meta name=\"twitter:data1\" content=\"2 minutes\" \/>\n<script type=\"application\/ld+json\" class=\"yoast-schema-graph\">{\"@context\":\"https:\/\/schema.org\",\"@graph\":[{\"@type\":\"WebPage\",\"@id\":\"https:\/\/vodoprivreda.ba\/services\/water-supply-drinking-water-treatment-plants-capacity-building-source-protection\/\",\"url\":\"https:\/\/vodoprivreda.ba\/services\/water-supply-drinking-water-treatment-plants-capacity-building-source-protection\/\",\"name\":\"Water Supply\/Drinking water treatment plants\/Capacity building\/Source protection - Zavod za Vodoprivredu d.d. Sarajevo\",\"isPartOf\":{\"@id\":\"https:\/\/vodoprivreda.ba\/#website\"},\"primaryImageOfPage\":{\"@id\":\"https:\/\/vodoprivreda.ba\/services\/water-supply-drinking-water-treatment-plants-capacity-building-source-protection\/#primaryimage\"},\"image\":{\"@id\":\"https:\/\/vodoprivreda.ba\/services\/water-supply-drinking-water-treatment-plants-capacity-building-source-protection\/#primaryimage\"},\"thumbnailUrl\":\"https:\/\/vodoprivreda.ba\/wp-content\/uploads\/2021\/10\/vodosnabdijevanje.jpg\",\"datePublished\":\"2021-10-04T00:15:29+00:00\",\"dateModified\":\"2021-10-06T06:43:28+00:00\",\"breadcrumb\":{\"@id\":\"https:\/\/vodoprivreda.ba\/services\/water-supply-drinking-water-treatment-plants-capacity-building-source-protection\/#breadcrumb\"},\"inLanguage\":\"en-US\",\"potentialAction\":[{\"@type\":\"ReadAction\",\"target\":[\"https:\/\/vodoprivreda.ba\/services\/water-supply-drinking-water-treatment-plants-capacity-building-source-protection\/\"]}]},{\"@type\":\"ImageObject\",\"inLanguage\":\"en-US\",\"@id\":\"https:\/\/vodoprivreda.ba\/services\/water-supply-drinking-water-treatment-plants-capacity-building-source-protection\/#primaryimage\",\"url\":\"https:\/\/vodoprivreda.ba\/wp-content\/uploads\/2021\/10\/vodosnabdijevanje.jpg\",\"contentUrl\":\"https:\/\/vodoprivreda.ba\/wp-content\/uploads\/2021\/10\/vodosnabdijevanje.jpg\",\"width\":1650,\"height\":1100},{\"@type\":\"BreadcrumbList\",\"@id\":\"https:\/\/vodoprivreda.ba\/services\/water-supply-drinking-water-treatment-plants-capacity-building-source-protection\/#breadcrumb\",\"itemListElement\":[{\"@type\":\"ListItem\",\"position\":1,\"name\":\"Home\",\"item\":\"https:\/\/vodoprivreda.ba\/en\/\"},{\"@type\":\"ListItem\",\"position\":2,\"name\":\"Services\",\"item\":\"https:\/\/vodoprivreda.ba\/services\/\"},{\"@type\":\"ListItem\",\"position\":3,\"name\":\"Water Supply\/Drinking water treatment plants\/Capacity building\/Source protection\"}]},{\"@type\":\"WebSite\",\"@id\":\"https:\/\/vodoprivreda.ba\/#website\",\"url\":\"https:\/\/vodoprivreda.ba\/\",\"name\":\"Zavod za Vodoprivredu d.d. Sarajevo\",\"description\":\"My WordPress Blog\",\"potentialAction\":[{\"@type\":\"SearchAction\",\"target\":{\"@type\":\"EntryPoint\",\"urlTemplate\":\"https:\/\/vodoprivreda.ba\/?s={search_term_string}\"},\"query-input\":{\"@type\":\"PropertyValueSpecification\",\"valueRequired\":true,\"valueName\":\"search_term_string\"}}],\"inLanguage\":\"en-US\"}]}<\/script>\n<!-- \/ Yoast SEO plugin. -->","yoast_head_json":{"title":"Water Supply\/Drinking water treatment plants\/Capacity building\/Source protection - Zavod za Vodoprivredu d.d. Sarajevo","robots":{"index":"index","follow":"follow","max-snippet":"max-snippet:-1","max-image-preview":"max-image-preview:large","max-video-preview":"max-video-preview:-1"},"canonical":"https:\/\/vodoprivreda.ba\/services\/water-supply-drinking-water-treatment-plants-capacity-building-source-protection\/","og_locale":"en_US","og_type":"article","og_title":"Water Supply\/Drinking water treatment plants\/Capacity building\/Source protection - Zavod za Vodoprivredu d.d. Sarajevo","og_description":"[vc_row type=&#8221;container&#8221; padding_top=&#8221;&#8221; padding_bottom=&#8221;&#8221; css=&#8221;.vc_custom_1476889400166{padding-bottom: 20px !important;}&#8221;][vc_column][vc_column_text]The services we provide: Preliminary and main design documentation preparation for water supply and drinking water treatment plants, Designing, conducting a tender procedure and consultancy services, Hydraulic analysis of existing and future state, Projects for expansion and reconstruction of water supply networks, Assisting and help for project implementation in [&hellip;]","og_url":"https:\/\/vodoprivreda.ba\/services\/water-supply-drinking-water-treatment-plants-capacity-building-source-protection\/","og_site_name":"Zavod za Vodoprivredu d.d. Sarajevo","article_modified_time":"2021-10-06T06:43:28+00:00","og_image":[{"width":1650,"height":1100,"url":"https:\/\/vodoprivreda.ba\/wp-content\/uploads\/2021\/10\/vodosnabdijevanje.jpg","type":"image\/jpeg"}],"twitter_card":"summary_large_image","twitter_misc":{"Est. reading time":"2 minutes"},"schema":{"@context":"https:\/\/schema.org","@graph":[{"@type":"WebPage","@id":"https:\/\/vodoprivreda.ba\/services\/water-supply-drinking-water-treatment-plants-capacity-building-source-protection\/","url":"https:\/\/vodoprivreda.ba\/services\/water-supply-drinking-water-treatment-plants-capacity-building-source-protection\/","name":"Water Supply\/Drinking water treatment plants\/Capacity building\/Source protection - Zavod za Vodoprivredu d.d. Sarajevo","isPartOf":{"@id":"https:\/\/vodoprivreda.ba\/#website"},"primaryImageOfPage":{"@id":"https:\/\/vodoprivreda.ba\/services\/water-supply-drinking-water-treatment-plants-capacity-building-source-protection\/#primaryimage"},"image":{"@id":"https:\/\/vodoprivreda.ba\/services\/water-supply-drinking-water-treatment-plants-capacity-building-source-protection\/#primaryimage"},"thumbnailUrl":"https:\/\/vodoprivreda.ba\/wp-content\/uploads\/2021\/10\/vodosnabdijevanje.jpg","datePublished":"2021-10-04T00:15:29+00:00","dateModified":"2021-10-06T06:43:28+00:00","breadcrumb":{"@id":"https:\/\/vodoprivreda.ba\/services\/water-supply-drinking-water-treatment-plants-capacity-building-source-protection\/#breadcrumb"},"inLanguage":"en-US","potentialAction":[{"@type":"ReadAction","target":["https:\/\/vodoprivreda.ba\/services\/water-supply-drinking-water-treatment-plants-capacity-building-source-protection\/"]}]},{"@type":"ImageObject","inLanguage":"en-US","@id":"https:\/\/vodoprivreda.ba\/services\/water-supply-drinking-water-treatment-plants-capacity-building-source-protection\/#primaryimage","url":"https:\/\/vodoprivreda.ba\/wp-content\/uploads\/2021\/10\/vodosnabdijevanje.jpg","contentUrl":"https:\/\/vodoprivreda.ba\/wp-content\/uploads\/2021\/10\/vodosnabdijevanje.jpg","width":1650,"height":1100},{"@type":"BreadcrumbList","@id":"https:\/\/vodoprivreda.ba\/services\/water-supply-drinking-water-treatment-plants-capacity-building-source-protection\/#breadcrumb","itemListElement":[{"@type":"ListItem","position":1,"name":"Home","item":"https:\/\/vodoprivreda.ba\/en\/"},{"@type":"ListItem","position":2,"name":"Services","item":"https:\/\/vodoprivreda.ba\/services\/"},{"@type":"ListItem","position":3,"name":"Water Supply\/Drinking water treatment plants\/Capacity building\/Source protection"}]},{"@type":"WebSite","@id":"https:\/\/vodoprivreda.ba\/#website","url":"https:\/\/vodoprivreda.ba\/","name":"Zavod za Vodoprivredu d.d. Sarajevo","description":"My WordPress Blog","potentialAction":[{"@type":"SearchAction","target":{"@type":"EntryPoint","urlTemplate":"https:\/\/vodoprivreda.ba\/?s={search_term_string}"},"query-input":{"@type":"PropertyValueSpecification","valueRequired":true,"valueName":"search_term_string"}}],"inLanguage":"en-US"}]}},"_links":{"self":[{"href":"https:\/\/vodoprivreda.ba\/en\/wp-json\/wp\/v2\/pages\/71924","targetHints":{"allow":["GET"]}}],"collection":[{"href":"https:\/\/vodoprivreda.ba\/en\/wp-json\/wp\/v2\/pages"}],"about":[{"href":"https:\/\/vodoprivreda.ba\/en\/wp-json\/wp\/v2\/types\/page"}],"author":[{"embeddable":true,"href":"https:\/\/vodoprivreda.ba\/en\/wp-json\/wp\/v2\/users\/1"}],"replies":[{"embeddable":true,"href":"https:\/\/vodoprivreda.ba\/en\/wp-json\/wp\/v2\/comments?post=71924"}],"version-history":[{"count":1,"href":"https:\/\/vodoprivreda.ba\/en\/wp-json\/wp\/v2\/pages\/71924\/revisions"}],"predecessor-version":[{"id":71925,"href":"https:\/\/vodoprivreda.ba\/en\/wp-json\/wp\/v2\/pages\/71924\/revisions\/71925"}],"up":[{"embeddable":true,"href":"https:\/\/vodoprivreda.ba\/en\/wp-json\/wp\/v2\/pages\/71865"}],"wp:featuredmedia":[{"embeddable":true,"href":"https:\/\/vodoprivreda.ba\/en\/wp-json\/wp\/v2\/media\/71947"}],"wp:attachment":[{"href":"https:\/\/vodoprivreda.ba\/en\/wp-json\/wp\/v2\/media?parent=71924"}],"curies":[{"name":"wp","href":"https:\/\/api.w.org\/{rel}","templated":true}]}}